{"id":6511,"date":"2019-04-09T15:31:24","date_gmt":"2019-04-09T13:31:24","guid":{"rendered":"https:\/\/cinemarte.es\/contacto\/"},"modified":"2020-10-20T10:56:08","modified_gmt":"2020-10-20T08:56:08","slug":"contact","status":"publish","type":"page","link":"https:\/\/cinemarte.es\/en\/contact\/","title":{"rendered":"Contact"},"content":{"rendered":"\t\t<div data-elementor-type=\"wp-post\" data-elementor-id=\"6511\" class=\"elementor elementor-6511 elementor-188\">\n\t\t\t\t\t\t<section class=\"elementor-section elementor-top-section elementor-element elementor-element-4ac572e contact-data elementor-section-boxed elementor-section-height-default elementor-section-height-default\" data-id=\"4ac572e\" data-element_type=\"section\" id=\"contact-data\">\n\t\t\t\t\t\t<div class=\"elementor-container elementor-column-gap-narrow\">\n\t\t\t\t\t<div class=\"elementor-column elementor-col-100 elementor-top-column elementor-element elementor-element-38854ff sc_inner_width_none sc_content_align_inherit sc_layouts_column_icons_position_left\" data-id=\"38854ff\" data-element_type=\"column\">\n\t\t\t<div class=\"elementor-widget-wrap elementor-element-populated\">\n\t\t\t\t\t\t<div class=\"elementor-element elementor-element-bff5b48 animation_type_block sc_fly_static elementor-invisible elementor-widget elementor-widget-trx_sc_title\" data-id=\"bff5b48\" data-element_type=\"widget\" data-settings=\"{&quot;_animation&quot;:&quot;fadeIn&quot;,&quot;_animation_delay&quot;:200}\" data-widget_type=\"trx_sc_title.default\">\n\t\t\t\t<div class=\"elementor-widget-container\">\n\t\t\t\t\t<div id=\"trx_sc_title_1508171693\"\r\n       class=\"sc_title color_style_dark sc_title_decoration\"><span class=\"sc_item_subtitle sc_title_subtitle sc_align_left sc_item_subtitle_above sc_item_title_style_decoration\">Contact us<\/span><\/div><!-- \/.sc_title -->\t\t\t\t<\/div>\n\t\t\t\t<\/div>\n\t\t\t\t<div class=\"elementor-element elementor-element-a800ddb animation_type_sequental sc_fly_static elementor-invisible elementor-widget elementor-widget-trx_sc_icons\" data-id=\"a800ddb\" data-element_type=\"widget\" data-settings=\"{&quot;_animation&quot;:&quot;fadeIn&quot;,&quot;_animation_delay&quot;:200}\" data-widget_type=\"trx_sc_icons.default\">\n\t\t\t\t<div class=\"elementor-widget-container\">\n\t\t\t\t\t<div id=\"trx_sc_icons_70603296\" \n\tclass=\"sc_icons sc_icons_extra sc_icons_size_small sc_align_none\"><div class=\"sc_icons_columns_wrap sc_item_columns trx_addons_columns_wrap columns_padding_bottom columns_in_single_row\"><div class=\"trx_addons_column-1_3\"><div class=\"sc_icons_item\"><div class=\"sc_icons_icon sc_icon_type_ icon-down-arrow-key\" style=\"color: #242E35\"><span class=\"sc_icon_type_ icon-down-arrow-key\" style=\"color: #242E35\"><\/span><\/div>                <div class=\"sc_icons_item_details\"><h4 class=\"sc_icons_item_title\"><span>phone<\/span><\/h4>                        <div class=\"sc_icons_item_description\"><span><a href=\"tel:0034680406307\"class=\"underline_anim underline_hover\">+34 680 406 307<\/a><\/span><\/div><\/div><\/div><\/div><div class=\"trx_addons_column-1_3\"><div class=\"sc_icons_item\"><div class=\"sc_icons_icon sc_icon_type_ icon-down-arrow-key\" style=\"color: #242E35\"><span class=\"sc_icon_type_ icon-down-arrow-key\" style=\"color: #242E35\"><\/span><\/div>                <div class=\"sc_icons_item_details\"><h4 class=\"sc_icons_item_title\"><span>e-mail<\/span><\/h4>                        <div class=\"sc_icons_item_description\"><span><a href=\"mailto:m.esteban@cinemarte.es\" class=\"underline_anim underline_hover\">m.esteban@cinemarte.es<\/a><\/span><\/div><\/div><\/div><\/div><div class=\"trx_addons_column-1_3\"><div class=\"sc_icons_item\"><div class=\"sc_icons_icon sc_icon_type_ icon-down-arrow-key\" style=\"color: #242E35\"><span class=\"sc_icon_type_ icon-down-arrow-key\" style=\"color: #242E35\"><\/span><\/div>                <div class=\"sc_icons_item_details\"><h4 class=\"sc_icons_item_title\"><span>address<\/span><\/h4>                        <div class=\"sc_icons_item_description\"><span><address>M\u00e9ndez N\u00fa\u00f1ez 1<br>28223 Pozuelo de Alarc\u00f3n (Madrid)<\/address><\/span><\/div><\/div><\/div><\/div><\/div><\/div><!-- \/.sc_icons -->\t\t\t\t<\/div>\n\t\t\t\t<\/div>\n\t\t\t\t\t<\/div>\n\t\t<\/div>\n\t\t\t\t\t<\/div>\n\t\t<\/section>\n\t\t\t\t<section class=\"elementor-section elementor-top-section elementor-element elementor-element-1eead50 contact-form elementor-section-boxed elementor-section-height-default elementor-section-height-default\" data-id=\"1eead50\" data-element_type=\"section\" id=\"contact-form\">\n\t\t\t\t\t\t<div class=\"elementor-container elementor-column-gap-no\">\n\t\t\t\t\t<div class=\"elementor-column elementor-col-100 elementor-top-column elementor-element elementor-element-2fa0fa1 sc_inner_width_none sc_content_align_inherit sc_layouts_column_icons_position_left\" data-id=\"2fa0fa1\" data-element_type=\"column\">\n\t\t\t<div class=\"elementor-widget-wrap elementor-element-populated\">\n\t\t\t\t\t\t<div class=\"elementor-element elementor-element-d30796a on_grey_bg animation_type_block sc_fly_static elementor-invisible elementor-widget elementor-widget-shortcode\" data-id=\"d30796a\" data-element_type=\"widget\" data-settings=\"{&quot;_animation&quot;:&quot;fadeIn&quot;,&quot;_animation_delay&quot;:200}\" data-widget_type=\"shortcode.default\">\n\t\t\t\t<div class=\"elementor-widget-container\">\n\t\t\t\t\t\t\t<div class=\"elementor-shortcode\">\n<div class=\"wpcf7 no-js\" id=\"wpcf7-f6509-o1\" lang=\"en-US\" dir=\"ltr\" data-wpcf7-id=\"6509\">\n<div class=\"screen-reader-response\"><p role=\"status\" aria-live=\"polite\" aria-atomic=\"true\"><\/p> <ul><\/ul><\/div>\n<form action=\"\/en\/wp-json\/wp\/v2\/pages\/6511#wpcf7-f6509-o1\" method=\"post\" class=\"wpcf7-form init\" aria-label=\"Contact form\" novalidate=\"novalidate\" data-status=\"init\">\n<div style=\"display: none;\">\n<input type=\"hidden\" name=\"_wpcf7\" value=\"6509\" \/>\n<input type=\"hidden\" name=\"_wpcf7_version\" value=\"6.0.6\" \/>\n<input type=\"hidden\" name=\"_wpcf7_locale\" value=\"en_US\" \/>\n<input type=\"hidden\" name=\"_wpcf7_unit_tag\" value=\"wpcf7-f6509-o1\" \/>\n<input type=\"hidden\" name=\"_wpcf7_container_post\" value=\"0\" \/>\n<input type=\"hidden\" name=\"_wpcf7_posted_data_hash\" value=\"\" \/>\n<\/div>\n<div class=\"ew-form\">\n\t<p class=\"intro-form\">All fields marked <span class=\"required\">*<\/span> are compulsory.\n\t<\/p>\n\t<div class=\"columns_wrap\">\n\t\t<div class=\"column-1_2\">\n\t\t\t<p><label for=\"your-name\" class=\"sr-only\">Name <span class=\"required\">*<\/span><\/label><span class=\"wpcf7-form-control-wrap\" data-name=\"your-name\"><input size=\"40\" maxlength=\"400\" class=\"wpcf7-form-control wpcf7-text wpcf7-validates-as-required\" id=\"your-name\" aria-required=\"true\" aria-invalid=\"false\" placeholder=\"Your name *\" value=\"\" type=\"text\" name=\"your-name\" \/><\/span>\n\t\t\t<\/p>\n\t\t<\/div>\n\t\t<div class=\"column-1_2\">\n\t\t\t<p><label for=\"your-company\" class=\"sr-only\">Company<\/label><span class=\"wpcf7-form-control-wrap\" data-name=\"your-company\"><input size=\"40\" maxlength=\"400\" class=\"wpcf7-form-control wpcf7-text\" id=\"your-company\" aria-invalid=\"false\" placeholder=\"Company\" value=\"\" type=\"text\" name=\"your-company\" \/><\/span>\n\t\t\t<\/p>\n\t\t<\/div>\n\t<\/div>\n\t<div class=\"columns_wrap\">\n\t\t<div class=\"column-1_2\">\n\t\t\t<p><label for=\"your-email\" class=\"sr-only\">E-mail <span class=\"required\">*<\/span><\/label><span class=\"wpcf7-form-control-wrap\" data-name=\"your-email\"><input size=\"40\" maxlength=\"400\" class=\"wpcf7-form-control wpcf7-email wpcf7-validates-as-required wpcf7-text wpcf7-validates-as-email\" id=\"your-email\" aria-required=\"true\" aria-invalid=\"false\" placeholder=\"E-mail\" value=\"\" type=\"email\" name=\"your-email\" \/><\/span>\n\t\t\t<\/p>\n\t\t<\/div>\n\t\t<div class=\"column-1_2\">\n\t\t\t<p><label for=\"your-phone\" class=\"sr-only\">Phone<\/label><span class=\"wpcf7-form-control-wrap\" data-name=\"your-phone\"><input size=\"40\" maxlength=\"400\" class=\"wpcf7-form-control wpcf7-text\" id=\"your-phone\" aria-invalid=\"false\" placeholder=\"Phone\" value=\"\" type=\"text\" name=\"your-phone\" \/><\/span>\n\t\t\t<\/p>\n\t\t<\/div>\n\t<\/div>\n\t<div class=\"columns_wrap\">\n\t\t<div class=\"column-1_1\">\n\t\t\t<p><label for=\"your-subject\" class=\"sr-only\">Subject<\/label><span class=\"wpcf7-form-control-wrap\" data-name=\"your-subject\"><input size=\"40\" maxlength=\"400\" class=\"wpcf7-form-control wpcf7-text\" id=\"your-subject\" aria-invalid=\"false\" placeholder=\"Subject\" value=\"\" type=\"text\" name=\"your-subject\" \/><\/span>\n\t\t\t<\/p>\n\t\t<\/div>\n\t<\/div>\n\t<div class=\"columns_wrap\">\n\t\t<div class=\"column-1_1\">\n\t\t\t<p><label for=\"your-message\" class=\"sr-only\">Message<\/label><span class=\"wpcf7-form-control-wrap\" data-name=\"your-message\"><textarea cols=\"40\" rows=\"10\" maxlength=\"2000\" class=\"wpcf7-form-control wpcf7-textarea wpcf7-validates-as-required\" id=\"your-message\" aria-required=\"true\" aria-invalid=\"false\" placeholder=\"Message *\" name=\"your-message\"><\/textarea><\/span>\n\t\t\t<\/p>\n\t\t<\/div>\n\t<\/div>\n\t<div class=\"columns_wrap form-legal-checks\">\n\t\t<div class=\"column-1_1\">\n\t\t\t<p><label><span class=\"wpcf7-form-control-wrap\" data-name=\"gdpr-acceptance\"><span class=\"wpcf7-form-control wpcf7-acceptance\"><span class=\"wpcf7-list-item\"><input type=\"checkbox\" name=\"gdpr-acceptance\" value=\"1\" class=\"pull-left\" aria-invalid=\"false\" \/><\/span><\/span><\/span> <span class=\"check-label\">I have read and agree this site <a href=\"https:\/\/cinemarte.es\/en\/privacy-policy\/\" target=\"_blank\" rel=\"nofollow\">Privacy Policy<\/a><\/span><\/label>\n\t\t\t<\/p>\n\t\t<\/div>\n\t<\/div>\n\t<div class=\"columns_wrap form-footer\">\n\t\t<div class=\"column-1_1\">\n\t\t\t<p><div id=\"cf7sr-69e51c7be49fd\" class=\"cf7sr-g-recaptcha\" data-theme=\"light\" data-type=\"image\" data-size=\"normal\" data-sitekey=\"6Lcy4M0UAAAAALUEMERRWrJLiHohUOIffavI4obC\"><\/div><span class=\"wpcf7-form-control-wrap cf7sr-recaptcha\" data-name=\"cf7sr-recaptcha\"><input type=\"hidden\" name=\"cf7sr-recaptcha\" value=\"\" class=\"wpcf7-form-control\"><\/span>\n\t\t\t<\/p>\n\t\t<\/div>\n\t<\/div>\n\t<div class=\"columns_wrap form-footer\">\n\t\t<div class=\"column-1_1\">\n\t\t\t<p><input class=\"wpcf7-form-control wpcf7-submit has-spinner btn-block\" type=\"submit\" value=\"Send\" \/>\n\t\t\t<\/p>\n\t\t<\/div>\n\t<\/div>\n<\/div><div class=\"wpcf7-response-output\" aria-hidden=\"true\"><\/div>\n<\/form>\n<\/div>\n\r\n\t\t\t\t<script>\r\n\t\t\t\tif ( typeof huOptions !== 'undefined' ) {\r\n\t\t\t\t\tvar huFormData = {\"source\":\"contactform7\",\"id\":6509,\"title\":\"Contact Form\",\"fields\":{\"subject\":{\"first_name\":\"your-name\",\"email\":\"your-email\"},\"preferences\":{\"terms\":\"your-consent\"}}};\r\n\t\t\t\t\tvar huFormNode = document.querySelector( '[id^=\"wpcf7-f6493-\"] form' );\r\n\r\n\t\t\t\t\thuFormData['node'] = huFormNode;\r\n\t\t\t\t\thuOptions['forms'].push( huFormData );\r\n\t\t\t\t}\r\n\t\t\t\t<\/script><\/div>\n\t\t\t\t\t\t<\/div>\n\t\t\t\t<\/div>\n\t\t\t\t\t<\/div>\n\t\t<\/div>\n\t\t\t\t\t<\/div>\n\t\t<\/section>\n\t\t\t\t<\/div>\n\t\t","protected":false},"excerpt":{"rendered":"<p>Contact us phone +34 680 406 307 e-mail m.esteban@cinemarte.es address M\u00e9ndez N\u00fa\u00f1ez 128223 Pozuelo de Alarc\u00f3n (Madrid)<\/p>\n","protected":false},"author":3,"featured_media":0,"parent":0,"menu_order":5,"comment_status":"closed","ping_status":"closed","template":"","meta":{"inline_featured_image":false,"footnotes":""},"class_list":["post-6511","page","type-page","status-publish","hentry"],"yoast_head":"<!-- This site is optimized with the Yoast SEO plugin v25.3 - https:\/\/yoast.com\/wordpress\/plugins\/seo\/ -->\n<title>Contact - Cinemarte<\/title>\n<meta name=\"robots\" content=\"index, follow, max-snippet:-1, max-image-preview:large, max-video-preview:-1\" \/>\n<link rel=\"canonical\" href=\"https:\/\/cinemarte.es\/en\/contact\/\" \/>\n<meta property=\"og:locale\" content=\"en_US\" \/>\n<meta property=\"og:type\" content=\"article\" \/>\n<meta property=\"og:title\" content=\"Contact - Cinemarte\" \/>\n<meta property=\"og:description\" content=\"Contact us phone +34 680 406 307 e-mail m.esteban@cinemarte.es address M\u00e9ndez N\u00fa\u00f1ez 128223 Pozuelo de Alarc\u00f3n (Madrid)\" \/>\n<meta property=\"og:url\" content=\"https:\/\/cinemarte.es\/en\/contact\/\" \/>\n<meta property=\"og:site_name\" content=\"Cinemarte\" \/>\n<meta property=\"article:modified_time\" content=\"2020-10-20T08:56:08+00:00\" \/>\n<meta name=\"twitter:card\" content=\"summary_large_image\" \/>\n<script type=\"application\/ld+json\" class=\"yoast-schema-graph\">{\"@context\":\"https:\/\/schema.org\",\"@graph\":[{\"@type\":\"WebPage\",\"@id\":\"https:\/\/cinemarte.es\/en\/contact\/\",\"url\":\"https:\/\/cinemarte.es\/en\/contact\/\",\"name\":\"Contact - Cinemarte\",\"isPartOf\":{\"@id\":\"https:\/\/cinemarte.es\/en\/#website\"},\"datePublished\":\"2019-04-09T13:31:24+00:00\",\"dateModified\":\"2020-10-20T08:56:08+00:00\",\"breadcrumb\":{\"@id\":\"https:\/\/cinemarte.es\/en\/contact\/#breadcrumb\"},\"inLanguage\":\"en-US\",\"potentialAction\":[{\"@type\":\"ReadAction\",\"target\":[\"https:\/\/cinemarte.es\/en\/contact\/\"]}]},{\"@type\":\"BreadcrumbList\",\"@id\":\"https:\/\/cinemarte.es\/en\/contact\/#breadcrumb\",\"itemListElement\":[{\"@type\":\"ListItem\",\"position\":1,\"name\":\"Portada\",\"item\":\"https:\/\/cinemarte.es\/en\/\"},{\"@type\":\"ListItem\",\"position\":2,\"name\":\"Contact\"}]},{\"@type\":\"WebSite\",\"@id\":\"https:\/\/cinemarte.es\/en\/#website\",\"url\":\"https:\/\/cinemarte.es\/en\/\",\"name\":\"Cinemarte\",\"description\":\"Cinemarte \u2013 Estudio de arquitectura especializado en dise\u00f1o, ingenier\u00eda y direcci\u00f3n de obra para espacios culturales, comerciales y salas de cine.\",\"publisher\":{\"@id\":\"https:\/\/cinemarte.es\/en\/#organization\"},\"potentialAction\":[{\"@type\":\"SearchAction\",\"target\":{\"@type\":\"EntryPoint\",\"urlTemplate\":\"https:\/\/cinemarte.es\/en\/?s={search_term_string}\"},\"query-input\":{\"@type\":\"PropertyValueSpecification\",\"valueRequired\":true,\"valueName\":\"search_term_string\"}}],\"inLanguage\":\"en-US\"},{\"@type\":\"Organization\",\"@id\":\"https:\/\/cinemarte.es\/en\/#organization\",\"name\":\"Cinemarte\",\"url\":\"https:\/\/cinemarte.es\/en\/\",\"logo\":{\"@type\":\"ImageObject\",\"inLanguage\":\"en-US\",\"@id\":\"https:\/\/cinemarte.es\/en\/#\/schema\/logo\/image\/\",\"url\":\"https:\/\/cinemarte.es\/wp-content\/uploads\/2020\/01\/cinemarte.png\",\"contentUrl\":\"https:\/\/cinemarte.es\/wp-content\/uploads\/2020\/01\/cinemarte.png\",\"width\":301,\"height\":126,\"caption\":\"Cinemarte\"},\"image\":{\"@id\":\"https:\/\/cinemarte.es\/en\/#\/schema\/logo\/image\/\"}}]}<\/script>\n<!-- \/ Yoast SEO plugin. -->","yoast_head_json":{"title":"Contact - Cinemarte","robots":{"index":"index","follow":"follow","max-snippet":"max-snippet:-1","max-image-preview":"max-image-preview:large","max-video-preview":"max-video-preview:-1"},"canonical":"https:\/\/cinemarte.es\/en\/contact\/","og_locale":"en_US","og_type":"article","og_title":"Contact - Cinemarte","og_description":"Contact us phone +34 680 406 307 e-mail m.esteban@cinemarte.es address M\u00e9ndez N\u00fa\u00f1ez 128223 Pozuelo de Alarc\u00f3n (Madrid)","og_url":"https:\/\/cinemarte.es\/en\/contact\/","og_site_name":"Cinemarte","article_modified_time":"2020-10-20T08:56:08+00:00","twitter_card":"summary_large_image","schema":{"@context":"https:\/\/schema.org","@graph":[{"@type":"WebPage","@id":"https:\/\/cinemarte.es\/en\/contact\/","url":"https:\/\/cinemarte.es\/en\/contact\/","name":"Contact - Cinemarte","isPartOf":{"@id":"https:\/\/cinemarte.es\/en\/#website"},"datePublished":"2019-04-09T13:31:24+00:00","dateModified":"2020-10-20T08:56:08+00:00","breadcrumb":{"@id":"https:\/\/cinemarte.es\/en\/contact\/#breadcrumb"},"inLanguage":"en-US","potentialAction":[{"@type":"ReadAction","target":["https:\/\/cinemarte.es\/en\/contact\/"]}]},{"@type":"BreadcrumbList","@id":"https:\/\/cinemarte.es\/en\/contact\/#breadcrumb","itemListElement":[{"@type":"ListItem","position":1,"name":"Portada","item":"https:\/\/cinemarte.es\/en\/"},{"@type":"ListItem","position":2,"name":"Contact"}]},{"@type":"WebSite","@id":"https:\/\/cinemarte.es\/en\/#website","url":"https:\/\/cinemarte.es\/en\/","name":"Cinemarte","description":"Cinemarte \u2013 Estudio de arquitectura especializado en dise\u00f1o, ingenier\u00eda y direcci\u00f3n de obra para espacios culturales, comerciales y salas de cine.","publisher":{"@id":"https:\/\/cinemarte.es\/en\/#organization"},"potentialAction":[{"@type":"SearchAction","target":{"@type":"EntryPoint","urlTemplate":"https:\/\/cinemarte.es\/en\/?s={search_term_string}"},"query-input":{"@type":"PropertyValueSpecification","valueRequired":true,"valueName":"search_term_string"}}],"inLanguage":"en-US"},{"@type":"Organization","@id":"https:\/\/cinemarte.es\/en\/#organization","name":"Cinemarte","url":"https:\/\/cinemarte.es\/en\/","logo":{"@type":"ImageObject","inLanguage":"en-US","@id":"https:\/\/cinemarte.es\/en\/#\/schema\/logo\/image\/","url":"https:\/\/cinemarte.es\/wp-content\/uploads\/2020\/01\/cinemarte.png","contentUrl":"https:\/\/cinemarte.es\/wp-content\/uploads\/2020\/01\/cinemarte.png","width":301,"height":126,"caption":"Cinemarte"},"image":{"@id":"https:\/\/cinemarte.es\/en\/#\/schema\/logo\/image\/"}}]}},"_links":{"self":[{"href":"https:\/\/cinemarte.es\/en\/wp-json\/wp\/v2\/pages\/6511","targetHints":{"allow":["GET"]}}],"collection":[{"href":"https:\/\/cinemarte.es\/en\/wp-json\/wp\/v2\/pages"}],"about":[{"href":"https:\/\/cinemarte.es\/en\/wp-json\/wp\/v2\/types\/page"}],"author":[{"embeddable":true,"href":"https:\/\/cinemarte.es\/en\/wp-json\/wp\/v2\/users\/3"}],"replies":[{"embeddable":true,"href":"https:\/\/cinemarte.es\/en\/wp-json\/wp\/v2\/comments?post=6511"}],"version-history":[{"count":2,"href":"https:\/\/cinemarte.es\/en\/wp-json\/wp\/v2\/pages\/6511\/revisions"}],"predecessor-version":[{"id":7052,"href":"https:\/\/cinemarte.es\/en\/wp-json\/wp\/v2\/pages\/6511\/revisions\/7052"}],"wp:attachment":[{"href":"https:\/\/cinemarte.es\/en\/wp-json\/wp\/v2\/media?parent=6511"}],"curies":[{"name":"wp","href":"https:\/\/api.w.org\/{rel}","templated":true}]}}