{"id":6488,"date":"2020-01-10T17:16:33","date_gmt":"2020-01-10T16:16:33","guid":{"rendered":"https:\/\/cinemarte.es\/politica-de-privacidad\/"},"modified":"2020-10-20T11:00:42","modified_gmt":"2020-10-20T09:00:42","slug":"privacy-policy","status":"publish","type":"page","link":"https:\/\/cinemarte.es\/en\/privacy-policy\/","title":{"rendered":"Privacy Policy"},"content":{"rendered":"\n<p>A efecto de lo previsto en la Ley Org\u00e1nica 15\/1999, de 13 de diciembre, de Protecci\u00f3n de Datos de Car\u00e1cter Personal Cineplan, S.L.U. informa al Usuario de la existencia de un fichero automatizado de datos de car\u00e1cter personal denominado WEB inscrito en el Registro General de Protecci\u00f3n de Datos, cuya finalidad principal es gestionar y atender cada una de las solicitudes de los usuarios.<\/p>\n\n\n\n<hr class=\"wp-block-separator\"\/>\n\n\n\n<h2 class=\"wp-block-heading\">Env\u00edo y registro de datos de car\u00e1cter personal<\/h2>\n\n\n\n<p>El env\u00edo de datos de car\u00e1cter personal es obligatorio para contactar y recibir informaci\u00f3n sobre los servicios prestados por Cineplan, S.L.U. Asimismo, el no facilitar los datos personales solicitados o el no aceptar la presente pol\u00edtica de protecci\u00f3n de datos supone la imposibilidad de suscribirse, registrarse o recibir informaci\u00f3n de dichos servicios.<\/p>\n\n\n\n<p>De acuerdo a lo establecido en la Ley Org\u00e1nica 15\/1999, de 13 de diciembre, de Protecci\u00f3n de Datos de Car\u00e1cter Personal, le informamos que los datos personales que se obtengan como consecuencia de su env\u00edo de datos personales, ser\u00e1n incorporados a un fichero titularidad de Cineplan, S.L.U. con domicilio M\u00e9ndez N\u00fa\u00f1ez 1 \u00b7 Ed. Zaid Center \u2013 Oficina 24 \u00b7 28223 Pozuelo de Alarc\u00f3n (Madrid), teniendo implementadas todas las medidas de seguridad establecidas en el Real Decreto 994\/1999, de 11 de junio.<\/p>\n\n\n\n<hr class=\"wp-block-separator\"\/>\n\n\n\n<h2 class=\"wp-block-heading\">Exactitud y veracidad de los datos facilitados<\/h2>\n\n\n\n<p>El Usuario que env\u00eda la informaci\u00f3n a Cineplan, S.L.U. es el \u00fanico responsable de la veracidad y correcci\u00f3n de los datos incluidos, exoner\u00e1ndose al mismo de cualquier responsabilidad al respecto. Los usuarios garantizan y responden, en cualquier caso, de la exactitud, vigencia y autenticidad de los datos personales facilitados, y se comprometen a mantenerlos debidamente actualizados. El usuario acepta proporcionar informaci\u00f3n completa y correcta en el formulario de registro o suscripci\u00f3n.<\/p>\n\n\n\n<p>Cineplan, S.L.U. no responde de la veracidad de las informaciones que no sean de elaboraci\u00f3n propia y de las que se indique otra fuente, por lo que tampoco asume responsabilidad alguna en cuanto a hipot\u00e9ticos perjuicios que pudieran originarse por el uso de dicha informaci\u00f3n.<\/p>\n\n\n\n<p>Se exonera a Cineplan, S.L.U. de responsabilidad ante cualquier da\u00f1o o perjuicio que pudiera sufrir el Usuario como consecuencia de errores, defectos u omisiones, en la informaci\u00f3n facilitada por Cineplan, S.L.U. siempre que proceda de fuentes ajenas al mismo.<\/p>\n\n\n\n<hr class=\"wp-block-separator\"\/>\n\n\n\n<h2 class=\"wp-block-heading\">Cesi\u00f3n de datos a terceros<\/h2>\n\n\n\n<p>Cineplan, S.L.U. no ceder\u00e1 los datos personales a terceros. No obstante, en el caso de ser cedidos a alg\u00fan tercero se producir\u00eda una informaci\u00f3n previa solicitando el consentimiento expreso del afectado.<\/p>\n\n\n\n<hr class=\"wp-block-separator\"\/>\n\n\n\n<h2 class=\"wp-block-heading\">Ejercicio de derechos de acceso, rectificaci\u00f3n, cancelaci\u00f3n y oposici\u00f3n<\/h2>\n\n\n\n<p>Podr\u00e1 dirigir sus comunicaciones y ejercitar los derechos de acceso, rectificaci\u00f3n, cancelaci\u00f3n y oposici\u00f3n a trav\u00e9s de correo postal en M\u00e9ndez N\u00fa\u00f1ez 1 \u00b7 28223 Pozuelo de Alarc\u00f3n (Madrid), o a trav\u00e9s de correo electr\u00f3nico a m.esteban@cinemarte.es junto con prueba v\u00e1lida en derecho, como fotocopia del D.N.I. e indicando en el asunto \u201cProtecci\u00f3n de datos\u201d.<\/p>\n\n\n\n<hr class=\"wp-block-separator\"\/>\n\n\n\n<h2 class=\"wp-block-heading\">Aceptaci\u00f3n y consentimiento<\/h2>\n\n\n\n<p>El Usuario declara haber sido informado de las condiciones sobre protecci\u00f3n de datos de car\u00e1cter personal, aceptando y consintiendo el tratamiento de los mismos por parte de Cineplan, S.L.U., en la forma y para las finalidades indicadas en la presente Pol\u00edtica de Protecci\u00f3n de Datos Personales.<\/p>\n\n\n\n<hr class=\"wp-block-separator\"\/>\n\n\n\n<h2 class=\"wp-block-heading\">Cambios en la presente Pol\u00edtica de Privacidad<\/h2>\n\n\n\n<p>Cineplan, S.L.U. se reserva el derecho a modificar la presente pol\u00edtica para adaptarla a novedades legislativas o jurisprudenciales as\u00ed como a pr\u00e1cticas de la industria. En dichos supuestos, Cineplan, S.L.U. anunciar\u00e1 en esta p\u00e1gina los cambios introducidos con razonable antelaci\u00f3n a su puesta en pr\u00e1ctica.<\/p>\n","protected":false},"excerpt":{"rendered":"<p>A efecto de lo previsto en la Ley Org\u00e1nica 15\/1999, de 13 de diciembre, de Protecci\u00f3n de Datos de Car\u00e1cter Personal Cineplan,&hellip;<\/p>\n","protected":false},"author":3,"featured_media":0,"parent":0,"menu_order":101,"comment_status":"closed","ping_status":"closed","template":"","meta":{"inline_featured_image":false,"footnotes":""},"class_list":["post-6488","page","type-page","status-publish","hentry"],"yoast_head":"<!-- This site is optimized with the Yoast SEO plugin v25.3 - https:\/\/yoast.com\/wordpress\/plugins\/seo\/ -->\n<title>Privacy Policy - Cinemarte<\/title>\n<meta name=\"robots\" content=\"index, follow, max-snippet:-1, max-image-preview:large, max-video-preview:-1\" \/>\n<link rel=\"canonical\" href=\"https:\/\/cinemarte.es\/en\/privacy-policy\/\" \/>\n<meta property=\"og:locale\" content=\"en_US\" \/>\n<meta property=\"og:type\" content=\"article\" \/>\n<meta property=\"og:title\" content=\"Privacy Policy - Cinemarte\" \/>\n<meta property=\"og:description\" content=\"A efecto de lo previsto en la Ley Org\u00e1nica 15\/1999, de 13 de diciembre, de Protecci\u00f3n de Datos de Car\u00e1cter Personal Cineplan,&hellip;\" \/>\n<meta property=\"og:url\" content=\"https:\/\/cinemarte.es\/en\/privacy-policy\/\" \/>\n<meta property=\"og:site_name\" content=\"Cinemarte\" \/>\n<meta property=\"article:modified_time\" content=\"2020-10-20T09:00:42+00:00\" \/>\n<meta name=\"twitter:card\" content=\"summary_large_image\" \/>\n<meta name=\"twitter:label1\" content=\"Est. reading time\" \/>\n\t<meta name=\"twitter:data1\" content=\"3 minutes\" \/>\n<script type=\"application\/ld+json\" class=\"yoast-schema-graph\">{\"@context\":\"https:\/\/schema.org\",\"@graph\":[{\"@type\":\"WebPage\",\"@id\":\"https:\/\/cinemarte.es\/en\/privacy-policy\/\",\"url\":\"https:\/\/cinemarte.es\/en\/privacy-policy\/\",\"name\":\"Privacy Policy - Cinemarte\",\"isPartOf\":{\"@id\":\"https:\/\/cinemarte.es\/en\/#website\"},\"datePublished\":\"2020-01-10T16:16:33+00:00\",\"dateModified\":\"2020-10-20T09:00:42+00:00\",\"breadcrumb\":{\"@id\":\"https:\/\/cinemarte.es\/en\/privacy-policy\/#breadcrumb\"},\"inLanguage\":\"en-US\",\"potentialAction\":[{\"@type\":\"ReadAction\",\"target\":[\"https:\/\/cinemarte.es\/en\/privacy-policy\/\"]}]},{\"@type\":\"BreadcrumbList\",\"@id\":\"https:\/\/cinemarte.es\/en\/privacy-policy\/#breadcrumb\",\"itemListElement\":[{\"@type\":\"ListItem\",\"position\":1,\"name\":\"Portada\",\"item\":\"https:\/\/cinemarte.es\/en\/\"},{\"@type\":\"ListItem\",\"position\":2,\"name\":\"Privacy Policy\"}]},{\"@type\":\"WebSite\",\"@id\":\"https:\/\/cinemarte.es\/en\/#website\",\"url\":\"https:\/\/cinemarte.es\/en\/\",\"name\":\"Cinemarte\",\"description\":\"Cinemarte \u2013 Estudio de arquitectura especializado en dise\u00f1o, ingenier\u00eda y direcci\u00f3n de obra para espacios culturales, comerciales y salas de cine.\",\"publisher\":{\"@id\":\"https:\/\/cinemarte.es\/en\/#organization\"},\"potentialAction\":[{\"@type\":\"SearchAction\",\"target\":{\"@type\":\"EntryPoint\",\"urlTemplate\":\"https:\/\/cinemarte.es\/en\/?s={search_term_string}\"},\"query-input\":{\"@type\":\"PropertyValueSpecification\",\"valueRequired\":true,\"valueName\":\"search_term_string\"}}],\"inLanguage\":\"en-US\"},{\"@type\":\"Organization\",\"@id\":\"https:\/\/cinemarte.es\/en\/#organization\",\"name\":\"Cinemarte\",\"url\":\"https:\/\/cinemarte.es\/en\/\",\"logo\":{\"@type\":\"ImageObject\",\"inLanguage\":\"en-US\",\"@id\":\"https:\/\/cinemarte.es\/en\/#\/schema\/logo\/image\/\",\"url\":\"https:\/\/cinemarte.es\/wp-content\/uploads\/2020\/01\/cinemarte.png\",\"contentUrl\":\"https:\/\/cinemarte.es\/wp-content\/uploads\/2020\/01\/cinemarte.png\",\"width\":301,\"height\":126,\"caption\":\"Cinemarte\"},\"image\":{\"@id\":\"https:\/\/cinemarte.es\/en\/#\/schema\/logo\/image\/\"}}]}<\/script>\n<!-- \/ Yoast SEO plugin. -->","yoast_head_json":{"title":"Privacy Policy - Cinemarte","robots":{"index":"index","follow":"follow","max-snippet":"max-snippet:-1","max-image-preview":"max-image-preview:large","max-video-preview":"max-video-preview:-1"},"canonical":"https:\/\/cinemarte.es\/en\/privacy-policy\/","og_locale":"en_US","og_type":"article","og_title":"Privacy Policy - Cinemarte","og_description":"A efecto de lo previsto en la Ley Org\u00e1nica 15\/1999, de 13 de diciembre, de Protecci\u00f3n de Datos de Car\u00e1cter Personal Cineplan,&hellip;","og_url":"https:\/\/cinemarte.es\/en\/privacy-policy\/","og_site_name":"Cinemarte","article_modified_time":"2020-10-20T09:00:42+00:00","twitter_card":"summary_large_image","twitter_misc":{"Est. reading time":"3 minutes"},"schema":{"@context":"https:\/\/schema.org","@graph":[{"@type":"WebPage","@id":"https:\/\/cinemarte.es\/en\/privacy-policy\/","url":"https:\/\/cinemarte.es\/en\/privacy-policy\/","name":"Privacy Policy - Cinemarte","isPartOf":{"@id":"https:\/\/cinemarte.es\/en\/#website"},"datePublished":"2020-01-10T16:16:33+00:00","dateModified":"2020-10-20T09:00:42+00:00","breadcrumb":{"@id":"https:\/\/cinemarte.es\/en\/privacy-policy\/#breadcrumb"},"inLanguage":"en-US","potentialAction":[{"@type":"ReadAction","target":["https:\/\/cinemarte.es\/en\/privacy-policy\/"]}]},{"@type":"BreadcrumbList","@id":"https:\/\/cinemarte.es\/en\/privacy-policy\/#breadcrumb","itemListElement":[{"@type":"ListItem","position":1,"name":"Portada","item":"https:\/\/cinemarte.es\/en\/"},{"@type":"ListItem","position":2,"name":"Privacy Policy"}]},{"@type":"WebSite","@id":"https:\/\/cinemarte.es\/en\/#website","url":"https:\/\/cinemarte.es\/en\/","name":"Cinemarte","description":"Cinemarte \u2013 Estudio de arquitectura especializado en dise\u00f1o, ingenier\u00eda y direcci\u00f3n de obra para espacios culturales, comerciales y salas de cine.","publisher":{"@id":"https:\/\/cinemarte.es\/en\/#organization"},"potentialAction":[{"@type":"SearchAction","target":{"@type":"EntryPoint","urlTemplate":"https:\/\/cinemarte.es\/en\/?s={search_term_string}"},"query-input":{"@type":"PropertyValueSpecification","valueRequired":true,"valueName":"search_term_string"}}],"inLanguage":"en-US"},{"@type":"Organization","@id":"https:\/\/cinemarte.es\/en\/#organization","name":"Cinemarte","url":"https:\/\/cinemarte.es\/en\/","logo":{"@type":"ImageObject","inLanguage":"en-US","@id":"https:\/\/cinemarte.es\/en\/#\/schema\/logo\/image\/","url":"https:\/\/cinemarte.es\/wp-content\/uploads\/2020\/01\/cinemarte.png","contentUrl":"https:\/\/cinemarte.es\/wp-content\/uploads\/2020\/01\/cinemarte.png","width":301,"height":126,"caption":"Cinemarte"},"image":{"@id":"https:\/\/cinemarte.es\/en\/#\/schema\/logo\/image\/"}}]}},"_links":{"self":[{"href":"https:\/\/cinemarte.es\/en\/wp-json\/wp\/v2\/pages\/6488","targetHints":{"allow":["GET"]}}],"collection":[{"href":"https:\/\/cinemarte.es\/en\/wp-json\/wp\/v2\/pages"}],"about":[{"href":"https:\/\/cinemarte.es\/en\/wp-json\/wp\/v2\/types\/page"}],"author":[{"embeddable":true,"href":"https:\/\/cinemarte.es\/en\/wp-json\/wp\/v2\/users\/3"}],"replies":[{"embeddable":true,"href":"https:\/\/cinemarte.es\/en\/wp-json\/wp\/v2\/comments?post=6488"}],"version-history":[{"count":1,"href":"https:\/\/cinemarte.es\/en\/wp-json\/wp\/v2\/pages\/6488\/revisions"}],"predecessor-version":[{"id":7056,"href":"https:\/\/cinemarte.es\/en\/wp-json\/wp\/v2\/pages\/6488\/revisions\/7056"}],"wp:attachment":[{"href":"https:\/\/cinemarte.es\/en\/wp-json\/wp\/v2\/media?parent=6488"}],"curies":[{"name":"wp","href":"https:\/\/api.w.org\/{rel}","templated":true}]}}